{"id":2,"date":"2015-06-24T22:43:12","date_gmt":"2015-06-24T20:43:12","guid":{"rendered":"http:\/\/mtv48hildesheim.de\/content\/zeitung\/?page_id=2"},"modified":"2022-11-13T19:00:49","modified_gmt":"2022-11-13T18:00:49","slug":"impressum","status":"publish","type":"page","link":"https:\/\/mtv48hildesheim.de\/content\/zeitung\/impressum\/","title":{"rendered":"Impressum"},"content":{"rendered":"\n<h3 class=\"wp-block-heading\"><strong>Herausgeber und Verein<\/strong><\/h3>\n\n\n\n<p>MTV von 1848 e. V. Hildesheim<br>Marienburger Stra\u00dfe 90b<br>31141 Hildesheim<br>Telefon: 0 51 21-1 26 74<br>Fax: 0 51 21-13 26 41<br>Verantwortlich: Hans-J\u00fcrgen R\u00fcckert<br>E-Mail:<a href=\"mailto:redaktion@mtv48hildesheim.de\"> redaktion@mtv48hildesheim.de<\/a><br>Internet: <a href=\"https:\/\/mtv48hildesheim.de\">mtv48hildesheim.de<\/a><\/p>\n\n\n\n<h3 class=\"wp-block-heading\"><strong>\u00d6ffnungszeiten der Gesch\u00e4ftsstelle<\/strong><\/h3>\n\n\n\n<p>Zur Seite mit den <a href=\"https:\/\/mtv48hildesheim.de\/content\/verein\/oeffnungszeiten.php\">\u00d6ffnungszeiten<\/a><\/p>\n\n\n\n<h3 class=\"wp-block-heading\"><strong>Datenschutzbeauftragter<\/strong><\/h3>\n\n\n\n<p>Thomas Oehlschl\u00e4gel<br>E-Mail: <a href=\"mailto:datenschutz@mtv48hildesheim.de\">datenschutz@mtv48hildesheim.de<\/a><\/p>\n\n\n\n<h3 class=\"wp-block-heading\"><strong>Klubhaus-Gastst\u00e4tte<\/strong><\/h3>\n\n\n\n<p>Telefon: +49 (0)5121 8 18 48 (AB)<\/p>\n\n\n\n<h3 class=\"wp-block-heading\"><strong>Bankverbindung<\/strong><\/h3>\n\n\n\n<p>Sparkasse Hildesheim<br>IBAN De19 259 501 300 000 005 005<br>BIC NOLADE21HIK<\/p>\n\n\n\n<h3 class=\"wp-block-heading\"><strong>Registergericht<\/strong><\/h3>\n\n\n\n<p>Amtsgericht Hildesheim<br>Registernummer VR 732<\/p>\n\n\n\n<h2 class=\"wp-block-heading\"><strong>Finanzamt Hildesheim<\/strong><\/h2>\n\n\n\n<p>Steuernummer 30\/212\/41850<\/p>\n\n\n\n<h2 class=\"wp-block-heading\"><strong>Mitarbeiter der Zeitung<\/strong><\/h2>\n\n\n\n<p>Hans-J\u00fcrgen R\u00fcckert<br>Rolf Pfeiffer<br>Peter M\u00fcller<br>Dennis Lattacz<\/p>\n","protected":false},"excerpt":{"rendered":"<p>Herausgeber und Verein MTV von 1848 e. V. HildesheimMarienburger Stra\u00dfe 90b31141 HildesheimTelefon: 0 51 21-1 26 74Fax: 0 51 21-13 26 41Verantwortlich: Hans-J\u00fcrgen R\u00fcckertE-Mail: redaktion@mtv48hildesheim.deInternet: mtv48hildesheim.de \u00d6ffnungszeiten der Gesch\u00e4ftsstelle Zur Seite mit den \u00d6ffnungszeiten Datenschutzbeauftragter Thomas Oehlschl\u00e4gelE-Mail: datenschutz@mtv48hildesheim.de Klubhaus-Gastst\u00e4tte Telefon: +49 (0)5121 8 18 48 (AB) Bankverbindung Sparkasse HildesheimIBAN De19 259 501 300 000 005 &hellip; <a href=\"https:\/\/mtv48hildesheim.de\/content\/zeitung\/impressum\/\" class=\"more-link\"><span class=\"screen-reader-text\">Impressum<\/span> weiterlesen <span class=\"meta-nav\">&rarr;<\/span><\/a><\/p>\n","protected":false},"author":2,"featured_media":0,"parent":0,"menu_order":0,"comment_status":"closed","ping_status":"open","template":"","meta":{"footnotes":""},"class_list":["post-2","page","type-page","status-publish","hentry"],"_links":{"self":[{"href":"https:\/\/mtv48hildesheim.de\/content\/zeitung\/wp-json\/wp\/v2\/pages\/2","targetHints":{"allow":["GET"]}}],"collection":[{"href":"https:\/\/mtv48hildesheim.de\/content\/zeitung\/wp-json\/wp\/v2\/pages"}],"about":[{"href":"https:\/\/mtv48hildesheim.de\/content\/zeitung\/wp-json\/wp\/v2\/types\/page"}],"author":[{"embeddable":true,"href":"https:\/\/mtv48hildesheim.de\/content\/zeitung\/wp-json\/wp\/v2\/users\/2"}],"replies":[{"embeddable":true,"href":"https:\/\/mtv48hildesheim.de\/content\/zeitung\/wp-json\/wp\/v2\/comments?post=2"}],"version-history":[{"count":19,"href":"https:\/\/mtv48hildesheim.de\/content\/zeitung\/wp-json\/wp\/v2\/pages\/2\/revisions"}],"predecessor-version":[{"id":1531,"href":"https:\/\/mtv48hildesheim.de\/content\/zeitung\/wp-json\/wp\/v2\/pages\/2\/revisions\/1531"}],"wp:attachment":[{"href":"https:\/\/mtv48hildesheim.de\/content\/zeitung\/wp-json\/wp\/v2\/media?parent=2"}],"curies":[{"name":"wp","href":"https:\/\/api.w.org\/{rel}","templated":true}]}}